{"id":27,"date":"2024-04-02T15:54:12","date_gmt":"2024-04-02T15:54:12","guid":{"rendered":"https:\/\/surveillanceecologique.net\/?page_id=27"},"modified":"2024-10-19T12:16:02","modified_gmt":"2024-10-19T12:16:02","slug":"direction-nation","status":"publish","type":"page","link":"https:\/\/surveillanceecologique.net\/index.php\/direction-nation\/","title":{"rendered":"Direction Nationale"},"content":{"rendered":"\t\t<div data-elementor-type=\"wp-page\" data-elementor-id=\"27\" class=\"elementor elementor-27\" data-elementor-post-type=\"page\">\n\t\t\t\t<div class=\"elementor-element elementor-element-ec5da0f e-flex e-con-boxed e-con e-parent\" data-id=\"ec5da0f\" data-element_type=\"container\">\n\t\t\t\t\t<div class=\"e-con-inner\">\n\t\t\t\t<div class=\"elementor-element elementor-element-588170c elementor-widget elementor-widget-text-editor\" data-id=\"588170c\" data-element_type=\"widget\" data-widget_type=\"text-editor.default\">\n\t\t\t\t\t\t\t\t\t<blockquote><p><strong>Contexte et justification<\/strong><\/p><\/blockquote><p>Quotidiennement menac\u00e9 par une d\u00e9sertification aux causes et aux effets multiformes ainsi que par les impacts des changements et variabilit\u00e9s climatiques, le Niger, \u00e0 l\u2019instar de la communaut\u00e9 internationale, prend part au sommet sur la terre \u00e0 Rio de Janeiro (1992) et ratifie les diff\u00e9rentes conventions qui en ont d\u00e9coul\u00e9. D\u00e8s lors, il s\u2019engage fermement dans le processus post Rio et se dote d&rsquo;outils institutionnels et juridiques lui permettant de concevoir et de mettre en \u0153uvre une politique globale de protection de l\u2019environnement, de lutte contre la d\u00e9sertification et de gestion rationnelle des ressources naturelles. En effet, dans le cadre de la mise en \u0153uvre au niveau national de la Convention des Nations Unies sur la lutte contre la d\u00e9sertification (UNCCD), le Niger a adopt\u00e9 un Programme d\u2019Action National de Lutte Contre la D\u00e9sertification et de Gestion des Ressources Naturelles (PAN\/LCD\/GRN ; CNEDD, 2000). Ce programme est en lien avec le Plan National de l\u2019Environnement pour un D\u00e9veloppement Durable (PNEDD ; SE\/CNEDD, 1998), document de r\u00e9f\u00e9rence, en mati\u00e8re de pr\u00e9servation de l\u2019environnement en relation avec le d\u00e9veloppement durable. De ce fait, la disponibilit\u00e9 d\u2019informations fiables est essentielle.\u00a0<span style=\"font-style: italic; background-color: #f5f5f5; color: var( --e-global-color-text ); font-family: var( --e-global-typography-text-font-family ), Sans-serif; text-align: var(--text-align);\">La disponibilit\u00e9 et la mobilisation de l\u2019information pertinente et fiable constituent les piliers de toute strat\u00e9gie efficace ; pour cela le Niger, en rapport avec l\u2019Observatoire du Sahara et du Sahel (OSS), a per\u00e7u la n\u00e9cessit\u00e9 de se doter d\u2019une structure de collecte et de traitement de l\u2019information environnementale. Le R\u00e9seau d\u2019Observatoires de Surveillance \u00c9cologique \u00e0 Long Terme du Niger (ROSELT Niger) a \u00e9t\u00e9 cr\u00e9\u00e9 en octobre 2000 sur la base des acquis de ROSELT r\u00e9gional\/OSS <\/span>(ROSELT, 2009).<span style=\"font-style: italic; background-color: #f5f5f5; color: var( --e-global-color-text ); font-family: var( --e-global-typography-text-font-family ), Sans-serif; text-align: var(--text-align);\"> Ce r\u00e9seau a pour mission de fournir des donn\u00e9es fiables et des indicateurs pertinents pouvant permettre de concevoir des programmes et projets cons\u00e9quents capables d\u2019att\u00e9nuer les effets de la d\u00e9sertification et du changement climatique. Le Dispositif National de Suivi Environnemental (DNSE) du Niger est ainsi cr\u00e9\u00e9. Il est constitu\u00e9 de neuf observatoires r\u00e9partis de mani\u00e8re \u00e0 prendre en compte l\u2019essentiel de la diversit\u00e9 \u00e9cologique et agro \u00e9cologique qui caract\u00e9rise le pays. Ce r\u00e9seau national d\u2019observatoires, d\u2019abord constitu\u00e9s par une premi\u00e8re g\u00e9n\u00e9ration de trois (3) observatoires locaux labellis\u00e9s OSS d\u00e8s 1994 (Torodi-Tondikandia-Dantiandou, Keita, A\u00efr-T\u00e9n\u00e9r\u00e9) ont \u00e9t\u00e9 compl\u00e9t\u00e9s en 2003 par six (6) autres (Falmey-Gaya, Maradi-Mayahi-Dakoro, Tamou, Azawak, Diffa, Zinder). Ce dispositif cadre avec la Strat\u00e9gie de D\u00e9veloppement Rural (SDR), \u00e0 travers son \u00ab Programme 10 : pr\u00e9servation de l\u2019environnement \u00bb qui pr\u00e9conise d\u2019une part, la mise en place d\u2019un Observatoire National de la Biodiversit\u00e9, pour la conservation de la diversit\u00e9 biologique, et d\u2019autre part, la cr\u00e9ation d\u2019un Centre National de Suivi Ecologique pour la surveillance \u00e0 long terme des changements environnementaux au niveau des observatoires. La reconnaissance au plan national d\u2019un tel dispositif s\u2019est ensuite concr\u00e9tis\u00e9e par la cr\u00e9ation en 2007 du Centre National de Surveillance Ecologique et Environnementale (CNSEE).. Ses attributions et son cadre organisationnel se pr\u00e9cisent en octobre 2010 par d\u00e9cret 2010 -78 PCSRD\/MEELLCD du 21 octobre 2010.<\/span><\/p><p>Partant des acquis du ROSELT \u2013 Niger en l\u2019occurrence des observatoires de surveillance \u00e9cologique et environnementale, le CNSEE devra conform\u00e9ment \u00e0 ses missions (i) collecter et traiter des donn\u00e9es biophysiques ou socio\u00e9conomiques pertinentes relatives aux conventions internationales sur la d\u00e9sertification, la biodiversit\u00e9 et les changements et variabilit\u00e9s climatiques ; (ii) g\u00e9n\u00e9rer et publier les informations relatives aux effets \u00e0 moyen et long termes, des actions de gestion des ressources naturelles sur les milieux physiques et humains ainsi que sur l\u2019\u00e9conomie au niveau des observatoires ainsi qu\u2019au niveau des zones d\u2019interventions des projets et programmes de d\u00e9veloppement (MH\/E, 2010).<\/p>\t\t\t\t\t\t\t\t<\/div>\n\t\t\t\t\t<\/div>\n\t\t\t\t<\/div>\n\t\t<div class=\"elementor-element elementor-element-c4dd755 e-flex e-con-boxed e-con e-parent\" data-id=\"c4dd755\" data-element_type=\"container\">\n\t\t\t\t\t<div class=\"e-con-inner\">\n\t\t\t\t<div class=\"elementor-element elementor-element-e10c9db elementor-widget elementor-widget-heading\" data-id=\"e10c9db\" data-element_type=\"widget\" data-widget_type=\"heading.default\">\n\t\t\t\t\t<h2 class=\"elementor-heading-title elementor-size-default\">DES ATTRIBUTIONS DU DIRECTEUR DU CNSEE  <\/h2>\t\t\t\t<\/div>\n\t\t\t\t<div class=\"elementor-element elementor-element-9958c4a elementor-widget elementor-widget-text-editor\" data-id=\"9958c4a\" data-element_type=\"widget\" data-widget_type=\"text-editor.default\">\n\t\t\t\t\t\t\t\t\t<blockquote><p>Sous l&rsquo;autorit\u00e9 du Secr\u00e9taire G\u00e9n\u00e9ral du Minist\u00e8re de l&rsquo;Environnement, de la Salubrit\u00e9<br \/>Urbaine et du D\u00e9veloppement Durable, le Directeur du Centre National de Surveillance Ecologique et<br \/>Environnementale que peut \u00eatre second\u00e9 d&rsquo;un adjoint est charg\u00e9, en relation avec les autres structures<br \/>du minist\u00e8re<\/p><\/blockquote>\t\t\t\t\t\t\t\t<\/div>\n\t\t\t\t\t<\/div>\n\t\t\t\t<\/div>\n\t\t<div class=\"elementor-element elementor-element-675b90d e-flex e-con-boxed e-con e-parent\" data-id=\"675b90d\" data-element_type=\"container\">\n\t\t\t\t\t<div class=\"e-con-inner\">\n\t\t\t\t<div class=\"elementor-element elementor-element-a4651d3 elementor-widget elementor-widget-heading\" data-id=\"a4651d3\" data-element_type=\"widget\" data-widget_type=\"heading.default\">\n\t\t\t\t\t<h5 class=\"elementor-heading-title elementor-size-default\">Les diff\u00e9rents directeurs du CNSEE<\/h5>\t\t\t\t<\/div>\n\t\t\t\t\t<\/div>\n\t\t\t\t<\/div>\n\t\t<div class=\"elementor-element elementor-element-21f129d e-flex e-con-boxed e-con e-parent\" data-id=\"21f129d\" data-element_type=\"container\">\n\t\t\t\t\t<div class=\"e-con-inner\">\n\t\t<div class=\"elementor-element elementor-element-2ba990a e-con-full e-flex e-con e-child\" data-id=\"2ba990a\" data-element_type=\"container\">\n\t\t\t\t<div class=\"elementor-element elementor-element-7405779 elementor-widget elementor-widget-image\" data-id=\"7405779\" data-element_type=\"widget\" data-widget_type=\"image.default\">\n\t\t\t\t\t\t\t\t\t\t\t\t<figure class=\"wp-caption\">\n\t\t\t\t\t\t\t\t\t\t<img fetchpriority=\"high\" decoding=\"async\" width=\"640\" height=\"472\" src=\"https:\/\/surveillanceecologique.net\/wp-content\/uploads\/2024\/04\/WATA.jpg\" class=\"attachment-large size-large wp-image-144\" alt=\"\" \/>\t\t\t\t\t\t\t\t\t\t\t<figcaption class=\"widget-image-caption wp-caption-text\">Colonel Major Wata Sama Issoufou (du 22 Septembre  2009 au 20 Mars 2015) <\/figcaption>\n\t\t\t\t\t\t\t\t\t\t<\/figure>\n\t\t\t\t\t\t\t\t\t<\/div>\n\t\t\t\t<\/div>\n\t\t<div class=\"elementor-element elementor-element-d69b41b e-con-full e-flex e-con e-child\" data-id=\"d69b41b\" data-element_type=\"container\">\n\t\t\t\t<div class=\"elementor-element elementor-element-530eaa9 elementor-widget elementor-widget-image\" data-id=\"530eaa9\" data-element_type=\"widget\" data-widget_type=\"image.default\">\n\t\t\t\t\t\t\t\t\t\t\t\t<figure class=\"wp-caption\">\n\t\t\t\t\t\t\t\t\t\t<img decoding=\"async\" src=\"https:\/\/surveillanceecologique.net\/wp-content\/uploads\/elementor\/thumbs\/2t61h3xt-qvsano9rf2dy4452yscqo7113mcb5e90ml4rqsxe3q.png\" title=\"2t61h3xt\" alt=\"2t61h3xt\" loading=\"lazy\" \/>\t\t\t\t\t\t\t\t\t\t\t<figcaption class=\"widget-image-caption wp-caption-text\">Colonel  Ma\u00efzama Abdoulaye (du 20 Mars 2015 au 17 Mars 2022)<\/figcaption>\n\t\t\t\t\t\t\t\t\t\t<\/figure>\n\t\t\t\t\t\t\t\t\t<\/div>\n\t\t\t\t<\/div>\n\t\t<div class=\"elementor-element elementor-element-26243db e-con-full e-flex e-con e-child\" data-id=\"26243db\" data-element_type=\"container\">\n\t\t\t\t<div class=\"elementor-element elementor-element-d27b43a elementor-widget elementor-widget-image\" data-id=\"d27b43a\" data-element_type=\"widget\" data-widget_type=\"image.default\">\n\t\t\t\t\t\t\t\t\t\t\t\t<figure class=\"wp-caption\">\n\t\t\t\t\t\t\t\t\t\t<img decoding=\"async\" src=\"https:\/\/surveillanceecologique.net\/wp-content\/uploads\/elementor\/thumbs\/IMG-20241003-WA0048-qvmuvy5oeekzlnpa7w2rx7fdzz92wapin1z46ue2ey.jpg\" title=\"IMG-20241003-WA0048\" alt=\"IMG-20241003-WA0048\" loading=\"lazy\" \/>\t\t\t\t\t\t\t\t\t\t\t<figcaption class=\"widget-image-caption wp-caption-text\">Colonel Abdou Harouna Rachidi (du 07 Mars 2022 au 04 Janvier 2024)<\/figcaption>\n\t\t\t\t\t\t\t\t\t\t<\/figure>\n\t\t\t\t\t\t\t\t\t<\/div>\n\t\t\t\t<\/div>\n\t\t<div class=\"elementor-element elementor-element-c4d0ba6 e-con-full e-flex e-con e-child\" data-id=\"c4d0ba6\" data-element_type=\"container\">\n\t\t\t\t<div class=\"elementor-element elementor-element-d72c54f elementor-widget elementor-widget-image\" data-id=\"d72c54f\" data-element_type=\"widget\" data-widget_type=\"image.default\">\n\t\t\t\t\t\t\t\t\t\t\t\t<figure class=\"wp-caption\">\n\t\t\t\t\t\t\t\t\t\t<img decoding=\"async\" src=\"https:\/\/surveillanceecologique.net\/wp-content\/uploads\/elementor\/thumbs\/Drtce-qvmuwwxpf9wlj8arkt3yzgnfz8hnt3jl3u42y2yi0q.jpg\" title=\"Drtce\" alt=\"Drtce\" loading=\"lazy\" \/>\t\t\t\t\t\t\t\t\t\t\t<figcaption class=\"widget-image-caption wp-caption-text\">Colonel Fourera Douraman (du 04 Janvier 2024 \u00e0 Aujourd'hui)<\/figcaption>\n\t\t\t\t\t\t\t\t\t\t<\/figure>\n\t\t\t\t\t\t\t\t\t<\/div>\n\t\t\t\t<\/div>\n\t\t\t\t\t<\/div>\n\t\t\t\t<\/div>\n\t\t\t\t<\/div>\n\t\t","protected":false},"excerpt":{"rendered":"<p>Contexte et justification Quotidiennement menac\u00e9 par une d\u00e9sertification aux causes et aux effets multiformes ainsi que par les impacts des changements et variabilit\u00e9s climatiques, le Niger, \u00e0 l\u2019instar de la communaut\u00e9 internationale, prend part au sommet sur la terre \u00e0 Rio de Janeiro (1992) et ratifie les diff\u00e9rentes conventions qui en ont d\u00e9coul\u00e9. D\u00e8s lors, [&hellip;]<\/p>\n","protected":false},"author":1,"featured_media":0,"parent":0,"menu_order":0,"comment_status":"closed","ping_status":"closed","template":"","meta":{"om_disable_all_campaigns":false,"_monsterinsights_skip_tracking":false,"_monsterinsights_sitenote_active":false,"_monsterinsights_sitenote_note":"","_monsterinsights_sitenote_category":0,"footnotes":""},"class_list":["post-27","page","type-page","status-publish","hentry"],"aioseo_notices":[],"_links":{"self":[{"href":"https:\/\/surveillanceecologique.net\/index.php\/wp-json\/wp\/v2\/pages\/27","targetHints":{"allow":["GET"]}}],"collection":[{"href":"https:\/\/surveillanceecologique.net\/index.php\/wp-json\/wp\/v2\/pages"}],"about":[{"href":"https:\/\/surveillanceecologique.net\/index.php\/wp-json\/wp\/v2\/types\/page"}],"author":[{"embeddable":true,"href":"https:\/\/surveillanceecologique.net\/index.php\/wp-json\/wp\/v2\/users\/1"}],"replies":[{"embeddable":true,"href":"https:\/\/surveillanceecologique.net\/index.php\/wp-json\/wp\/v2\/comments?post=27"}],"version-history":[{"count":0,"href":"https:\/\/surveillanceecologique.net\/index.php\/wp-json\/wp\/v2\/pages\/27\/revisions"}],"wp:attachment":[{"href":"https:\/\/surveillanceecologique.net\/index.php\/wp-json\/wp\/v2\/media?parent=27"}],"curies":[{"name":"wp","href":"https:\/\/api.w.org\/{rel}","templated":true}]}}