{"id":36,"date":"2024-04-02T15:55:00","date_gmt":"2024-04-02T15:55:00","guid":{"rendered":"https:\/\/surveillanceecologique.net\/?page_id=36"},"modified":"2024-10-08T16:41:03","modified_gmt":"2024-10-08T16:41:03","slug":"sous-syst-nat","status":"publish","type":"page","link":"https:\/\/surveillanceecologique.net\/index.php\/sous-syst-nat\/","title":{"rendered":"Sous-Syst-Nat"},"content":{"rendered":"\t\t<div data-elementor-type=\"wp-page\" data-elementor-id=\"36\" class=\"elementor elementor-36\" data-elementor-post-type=\"page\">\n\t\t\t\t<div class=\"elementor-element elementor-element-e2fa995 e-flex e-con-boxed e-con e-parent\" data-id=\"e2fa995\" data-element_type=\"container\">\n\t\t\t\t\t<div class=\"e-con-inner\">\n\t\t\t\t<div class=\"elementor-element elementor-element-859dcb2 elementor-widget elementor-widget-image\" data-id=\"859dcb2\" data-element_type=\"widget\" data-widget_type=\"image.default\">\n\t\t\t\t\t\t\t\t\t\t\t\t\t\t\t<img fetchpriority=\"high\" decoding=\"async\" width=\"640\" height=\"517\" src=\"https:\/\/surveillanceecologique.net\/wp-content\/uploads\/2024\/04\/Prj_obser.png\" class=\"attachment-large size-large wp-image-153\" alt=\"\" \/>\t\t\t\t\t\t\t\t\t\t\t\t\t\t\t<\/div>\n\t\t\t\t\t<\/div>\n\t\t\t\t<\/div>\n\t\t<div class=\"elementor-element elementor-element-04f00f5 e-flex e-con-boxed e-con e-parent\" data-id=\"04f00f5\" data-element_type=\"container\">\n\t\t\t\t\t<div class=\"e-con-inner\">\n\t\t\t\t<div class=\"elementor-element elementor-element-47b5a95 elementor-widget elementor-widget-heading\" data-id=\"47b5a95\" data-element_type=\"widget\" data-widget_type=\"heading.default\">\n\t\t\t\t\t<h2 class=\"elementor-heading-title elementor-size-default\">Th\u00e9matiques sp\u00e9cifiques<\/h2>\t\t\t\t<\/div>\n\t\t\t\t\t<\/div>\n\t\t\t\t<\/div>\n\t\t<div class=\"elementor-element elementor-element-7a37f00 e-flex e-con-boxed e-con e-parent\" data-id=\"7a37f00\" data-element_type=\"container\">\n\t\t\t\t\t<div class=\"e-con-inner\">\n\t\t\t\t<div class=\"elementor-element elementor-element-0f75c61 elementor-testimonial--skin-default elementor-testimonial--layout-image_inline elementor-testimonial--align-center elementor-arrows-yes elementor-pagination-type-bullets elementor-widget elementor-widget-testimonial-carousel\" data-id=\"0f75c61\" data-element_type=\"widget\" data-settings=\"{&quot;show_arrows&quot;:&quot;yes&quot;,&quot;pagination&quot;:&quot;bullets&quot;,&quot;speed&quot;:500,&quot;autoplay&quot;:&quot;yes&quot;,&quot;autoplay_speed&quot;:5000,&quot;loop&quot;:&quot;yes&quot;,&quot;pause_on_hover&quot;:&quot;yes&quot;,&quot;pause_on_interaction&quot;:&quot;yes&quot;,&quot;space_between&quot;:{&quot;unit&quot;:&quot;px&quot;,&quot;size&quot;:10,&quot;sizes&quot;:[]},&quot;space_between_tablet&quot;:{&quot;unit&quot;:&quot;px&quot;,&quot;size&quot;:10,&quot;sizes&quot;:[]},&quot;space_between_mobile&quot;:{&quot;unit&quot;:&quot;px&quot;,&quot;size&quot;:10,&quot;sizes&quot;:[]}}\" data-widget_type=\"testimonial-carousel.default\">\n\t\t\t\t<div class=\"elementor-widget-container\">\n\t\t\t\t\t\t\t<div class=\"elementor-swiper\">\n\t\t\t<div class=\"elementor-main-swiper swiper\">\n\t\t\t\t<div class=\"swiper-wrapper\">\n\t\t\t\t\t\t\t\t\t\t\t<div class=\"swiper-slide\">\n\t\t\t\t\t\t\t\t\t<div class=\"elementor-testimonial\">\n\t\t\t\t\t\t\t<div class=\"elementor-testimonial__content\">\n\t\t\t\t\t<div class=\"elementor-testimonial__text\">\n\t\t\t\t\t\tTh\u00e8me1 :Impact des projets de restauration des terres\t\t\t\t\t<\/div>\n\t\t\t\t\t\t\t\t\t<\/div>\n\t\t\t\t\t\t<div class=\"elementor-testimonial__footer\">\n\t\t\t\t\t\t\t\t\t<div class=\"elementor-testimonial__image\">\n\t\t\t\t\t\t<img decoding=\"async\" src=\"https:\/\/surveillanceecologique.net\/wp-content\/uploads\/2024\/04\/Tillabery.png\" alt=\"Responsable observatoire: Issa Ousseini (UAM\/FLSH)\">\n\t\t\t\t\t\t\t\t\t\t\t<\/div>\n\t\t\t\t\t\t\t\t<cite class=\"elementor-testimonial__cite\"><span class=\"elementor-testimonial__name\">Responsable observatoire: Issa Ousseini (UAM\/FLSH)<\/span><span class=\"elementor-testimonial__title\">Responsable unit\u00e9 de keita: Gu\u00e9ro Maman (DSCF\/OE)<\/span><\/cite>\t\t\t<\/div>\n\t\t<\/div>\n\t\t\t\t\t\t\t\t<\/div>\n\t\t\t\t\t\t\t\t\t\t\t<div class=\"swiper-slide\">\n\t\t\t\t\t\t\t\t\t<div class=\"elementor-testimonial\">\n\t\t\t\t\t\t\t<div class=\"elementor-testimonial__content\">\n\t\t\t\t\t<div class=\"elementor-testimonial__text\">\n\t\t\t\t\t\tTh\u00e8me2: Biodiversit\u00e9 Aire prot\u00e9g\u00e9s \t\t\t\t\t<\/div>\n\t\t\t\t\t\t\t\t\t<\/div>\n\t\t\t\t\t\t<div class=\"elementor-testimonial__footer\">\n\t\t\t\t\t\t\t\t\t<div class=\"elementor-testimonial__image\">\n\t\t\t\t\t\t<img decoding=\"async\" src=\"https:\/\/surveillanceecologique.net\/wp-content\/uploads\/2024\/04\/air.png\" alt=\"Responsable observatoire: Gu\u00e9ro Yaji (UAM\/FA)\">\n\t\t\t\t\t\t\t\t\t\t\t<\/div>\n\t\t\t\t\t\t\t\t<cite class=\"elementor-testimonial__cite\"><span class=\"elementor-testimonial__name\">Responsable observatoire: Gu\u00e9ro Yaji (UAM\/FA)<\/span><span class=\"elementor-testimonial__title\">A\u00efr T\u00e9n\u00e9r\u00e9 <\/span><\/cite>\t\t\t<\/div>\n\t\t<\/div>\n\t\t\t\t\t\t\t\t<\/div>\n\t\t\t\t\t\t\t\t\t\t\t<div class=\"swiper-slide\">\n\t\t\t\t\t\t\t\t\t<div class=\"elementor-testimonial\">\n\t\t\t\t\t\t\t<div class=\"elementor-testimonial__content\">\n\t\t\t\t\t<div class=\"elementor-testimonial__text\">\n\t\t\t\t\t\tTh\u00e8me3: Foncier pastoralisme \t\t\t\t\t<\/div>\n\t\t\t\t\t\t\t\t\t<\/div>\n\t\t\t\t\t\t<div class=\"elementor-testimonial__footer\">\n\t\t\t\t\t\t\t\t\t<div class=\"elementor-testimonial__image\">\n\t\t\t\t\t\t<img decoding=\"async\" src=\"https:\/\/surveillanceecologique.net\/wp-content\/uploads\/2024\/04\/azawak.png\" alt=\"Responsable : Zakara Gandou (UAM\/FSJP)\">\n\t\t\t\t\t\t\t\t\t\t\t<\/div>\n\t\t\t\t\t\t\t\t<cite class=\"elementor-testimonial__cite\"><span class=\"elementor-testimonial__name\">Responsable : Zakara Gandou (UAM\/FSJP)<\/span><span class=\"elementor-testimonial__title\">Azawak<\/span><\/cite>\t\t\t<\/div>\n\t\t<\/div>\n\t\t\t\t\t\t\t\t<\/div>\n\t\t\t\t\t\t\t\t\t\t\t<div class=\"swiper-slide\">\n\t\t\t\t\t\t\t\t\t<div class=\"elementor-testimonial\">\n\t\t\t\t\t\t\t<div class=\"elementor-testimonial__content\">\n\t\t\t\t\t<div class=\"elementor-testimonial__text\">\n\t\t\t\t\t\tTh\u00e8me4 :Dynamique d'ensablement \t\t\t\t\t<\/div>\n\t\t\t\t\t\t\t\t\t<\/div>\n\t\t\t\t\t\t<div class=\"elementor-testimonial__footer\">\n\t\t\t\t\t\t\t\t\t<div class=\"elementor-testimonial__image\">\n\t\t\t\t\t\t<img decoding=\"async\" src=\"https:\/\/surveillanceecologique.net\/wp-content\/uploads\/2024\/04\/diffa.png\" alt=\"Responsable : Zibo Garba (UAM\/FA)\">\n\t\t\t\t\t\t\t\t\t\t\t<\/div>\n\t\t\t\t\t\t\t\t<cite class=\"elementor-testimonial__cite\"><span class=\"elementor-testimonial__name\">Responsable : Zibo Garba (UAM\/FA)<\/span><span class=\"elementor-testimonial__title\">Diffa<\/span><\/cite>\t\t\t<\/div>\n\t\t<\/div>\n\t\t\t\t\t\t\t\t<\/div>\n\t\t\t\t\t\t\t\t\t\t\t<div class=\"swiper-slide\">\n\t\t\t\t\t\t\t\t\t<div class=\"elementor-testimonial\">\n\t\t\t\t\t\t\t<div class=\"elementor-testimonial__content\">\n\t\t\t\t\t<div class=\"elementor-testimonial__text\">\n\t\t\t\t\t\tTh\u00e8me5: Dynamique des syst\u00e8mes des productions\t\t\t\t\t<\/div>\n\t\t\t\t\t\t\t\t\t<\/div>\n\t\t\t\t\t\t<div class=\"elementor-testimonial__footer\">\n\t\t\t\t\t\t\t\t\t<div class=\"elementor-testimonial__image\">\n\t\t\t\t\t\t<img decoding=\"async\" src=\"https:\/\/surveillanceecologique.net\/wp-content\/uploads\/2024\/04\/zinder.png\" alt=\"Responsable: Ambouata Karimoun (UAM\/FA)\">\n\t\t\t\t\t\t\t\t\t\t\t<\/div>\n\t\t\t\t\t\t\t\t<cite class=\"elementor-testimonial__cite\"><span class=\"elementor-testimonial__name\">Responsable: Ambouata Karimoun (UAM\/FA)<\/span><span class=\"elementor-testimonial__title\">Zinder<\/span><\/cite>\t\t\t<\/div>\n\t\t<\/div>\n\t\t\t\t\t\t\t\t<\/div>\n\t\t\t\t\t\t\t\t\t\t\t<div class=\"swiper-slide\">\n\t\t\t\t\t\t\t\t\t<div class=\"elementor-testimonial\">\n\t\t\t\t\t\t\t<div class=\"elementor-testimonial__content\">\n\t\t\t\t\t<div class=\"elementor-testimonial__text\">\n\t\t\t\t\t\tTh\u00e8me6: Dynamique d'intensification des syst\u00e8me agricoles \t\t\t\t\t<\/div>\n\t\t\t\t\t\t\t\t\t<\/div>\n\t\t\t\t\t\t<div class=\"elementor-testimonial__footer\">\n\t\t\t\t\t\t\t\t\t<div class=\"elementor-testimonial__image\">\n\t\t\t\t\t\t<img decoding=\"async\" src=\"https:\/\/surveillanceecologique.net\/wp-content\/uploads\/2024\/04\/maradi.png\" alt=\"Responsable: Yamba Boubacar\">\n\t\t\t\t\t\t\t\t\t\t\t<\/div>\n\t\t\t\t\t\t\t\t<cite class=\"elementor-testimonial__cite\"><span class=\"elementor-testimonial__name\">Responsable: Yamba Boubacar<\/span><span class=\"elementor-testimonial__title\">Maradi<\/span><\/cite>\t\t\t<\/div>\n\t\t<\/div>\n\t\t\t\t\t\t\t\t<\/div>\n\t\t\t\t\t\t\t\t\t\t\t<div class=\"swiper-slide\">\n\t\t\t\t\t\t\t\t\t<div class=\"elementor-testimonial\">\n\t\t\t\t\t\t\t<div class=\"elementor-testimonial__content\">\n\t\t\t\t\t<div class=\"elementor-testimonial__text\">\n\t\t\t\t\t\tTh\u00e8me7: Biodiversit\u00e9 zones humides \t\t\t\t\t<\/div>\n\t\t\t\t\t\t\t\t\t<\/div>\n\t\t\t\t\t\t<div class=\"elementor-testimonial__footer\">\n\t\t\t\t\t\t\t\t\t<div class=\"elementor-testimonial__image\">\n\t\t\t\t\t\t<img decoding=\"async\" src=\"https:\/\/surveillanceecologique.net\/wp-content\/uploads\/2024\/04\/gaya.png\" alt=\"Responsable: Sa\u00e2dou Mahamane (UAM\/FS)\">\n\t\t\t\t\t\t\t\t\t\t\t<\/div>\n\t\t\t\t\t\t\t\t<cite class=\"elementor-testimonial__cite\"><span class=\"elementor-testimonial__name\">Responsable: Sa\u00e2dou Mahamane (UAM\/FS)<\/span><span class=\"elementor-testimonial__title\">Falmey-Gaya<\/span><\/cite>\t\t\t<\/div>\n\t\t<\/div>\n\t\t\t\t\t\t\t\t<\/div>\n\t\t\t\t\t\t\t\t\t\t\t<div class=\"swiper-slide\">\n\t\t\t\t\t\t\t\t\t<div class=\"elementor-testimonial\">\n\t\t\t\t\t\t\t<div class=\"elementor-testimonial__content\">\n\t\t\t\t\t<div class=\"elementor-testimonial__text\">\n\t\t\t\t\t\tTh\u00e8me8: Dynamique de la transhumance, occupation des terres \t\t\t\t\t<\/div>\n\t\t\t\t\t\t\t\t\t<\/div>\n\t\t\t\t\t\t<div class=\"elementor-testimonial__footer\">\n\t\t\t\t\t\t\t\t\t<div class=\"elementor-testimonial__image\">\n\t\t\t\t\t\t<img decoding=\"async\" src=\"https:\/\/surveillanceecologique.net\/wp-content\/uploads\/2024\/04\/tamou.png\" alt=\"Responsable: Amadou Boureima (UAM\/FLSH)\">\n\t\t\t\t\t\t\t\t\t\t\t<\/div>\n\t\t\t\t\t\t\t\t<cite class=\"elementor-testimonial__cite\"><span class=\"elementor-testimonial__name\">Responsable: Amadou Boureima (UAM\/FLSH)<\/span><span class=\"elementor-testimonial__title\">Tamou<\/span><\/cite>\t\t\t<\/div>\n\t\t<\/div>\n\t\t\t\t\t\t\t\t<\/div>\n\t\t\t\t\t\t\t\t\t\t\t<div class=\"swiper-slide\">\n\t\t\t\t\t\t\t\t\t<div class=\"elementor-testimonial\">\n\t\t\t\t\t\t\t<div class=\"elementor-testimonial__content\">\n\t\t\t\t\t<div class=\"elementor-testimonial__text\">\n\t\t\t\t\t\tTh\u00e8me9: Dynamique des syst\u00e8mes de production hydrologie Foresterie\t\t\t\t\t<\/div>\n\t\t\t\t\t\t\t\t\t<\/div>\n\t\t\t\t\t\t<div class=\"elementor-testimonial__footer\">\n\t\t\t\t\t\t\t\t\t<div class=\"elementor-testimonial__image\">\n\t\t\t\t\t\t<img decoding=\"async\" src=\"https:\/\/surveillanceecologique.net\/wp-content\/uploads\/2024\/04\/Systeme_production.jpeg\" alt=\"Responsable: Ichaou Aboubacar(INRAN), Maxim Banouin (UAM\/FA)\">\n\t\t\t\t\t\t\t\t\t\t\t<\/div>\n\t\t\t\t\t\t\t\t<cite class=\"elementor-testimonial__cite\"><span class=\"elementor-testimonial__name\">Responsable: Ichaou Aboubacar(INRAN), Maxim Banouin (UAM\/FA)<\/span><span class=\"elementor-testimonial__title\">Torodi-dantiandou-Tondikandia<\/span><\/cite>\t\t\t<\/div>\n\t\t<\/div>\n\t\t\t\t\t\t\t\t<\/div>\n\t\t\t\t\t\t\t\t\t<\/div>\n\t\t\t\t\t\t\t\t\t\t\t\t\t\t\t<div class=\"swiper-pagination\"><\/div>\n\t\t\t\t\t\t\t\t\t\t\t\t\t\t\t\t<div class=\"elementor-swiper-button elementor-swiper-button-prev\" role=\"button\" tabindex=\"0\">\n\t\t\t\t\t\t\t<svg aria-hidden=\"true\" class=\"e-font-icon-svg e-eicon-chevron-left\" viewBox=\"0 0 1000 1000\" xmlns=\"http:\/\/www.w3.org\/2000\/svg\"><path d=\"M646 125C629 125 613 133 604 142L308 442C296 454 292 471 292 487 292 504 296 521 308 533L604 854C617 867 629 875 646 875 663 875 679 871 692 858 704 846 713 829 713 812 713 796 708 779 692 767L438 487 692 225C700 217 708 204 708 187 708 171 704 154 692 142 675 129 663 125 646 125Z\"><\/path><\/svg>\t\t\t\t\t\t\t<span class=\"elementor-screen-only\">Previous<\/span>\n\t\t\t\t\t\t<\/div>\n\t\t\t\t\t\t<div class=\"elementor-swiper-button elementor-swiper-button-next\" role=\"button\" tabindex=\"0\">\n\t\t\t\t\t\t\t<svg aria-hidden=\"true\" class=\"e-font-icon-svg e-eicon-chevron-right\" viewBox=\"0 0 1000 1000\" xmlns=\"http:\/\/www.w3.org\/2000\/svg\"><path d=\"M696 533C708 521 713 504 713 487 713 471 708 454 696 446L400 146C388 133 375 125 354 125 338 125 325 129 313 142 300 154 292 171 292 187 292 204 296 221 308 233L563 492 304 771C292 783 288 800 288 817 288 833 296 850 308 863 321 871 338 875 354 875 371 875 388 867 400 854L696 533Z\"><\/path><\/svg>\t\t\t\t\t\t\t<span class=\"elementor-screen-only\">Next<\/span>\n\t\t\t\t\t\t<\/div>\n\t\t\t\t\t\t\t\t\t\t\t\t<\/div>\n\t\t<\/div>\n\t\t\t\t\t\t<\/div>\n\t\t\t\t<\/div>\n\t\t\t\t<div class=\"elementor-element elementor-element-be5c59f elementor-widget elementor-widget-heading\" data-id=\"be5c59f\" data-element_type=\"widget\" data-widget_type=\"heading.default\">\n\t\t\t\t\t<h2 class=\"elementor-heading-title elementor-size-default\">Lire plus sur les th\u00e9matiques sp\u00e9cifique <\/h2>\t\t\t\t<\/div>\n\t\t\t\t\t<\/div>\n\t\t\t\t<\/div>\n\t\t<div class=\"elementor-element elementor-element-36a7f0b e-flex e-con-boxed e-con e-parent\" data-id=\"36a7f0b\" data-element_type=\"container\">\n\t\t\t\t\t<div class=\"e-con-inner\">\n\t\t<div class=\"elementor-element elementor-element-8c68866 e-con-full e-flex e-con e-child\" data-id=\"8c68866\" data-element_type=\"container\">\n\t\t\t\t<div class=\"elementor-element elementor-element-7e22781 elementor-widget elementor-widget-heading\" data-id=\"7e22781\" data-element_type=\"widget\" data-widget_type=\"heading.default\">\n\t\t\t\t\t<h2 class=\"elementor-heading-title elementor-size-default\"><a href=\"https:\/\/surveillanceecologique.net\/index.php\/theme1\/\">Th\u00e8me1<\/a><\/h2>\t\t\t\t<\/div>\n\t\t\t\t<\/div>\n\t\t<div class=\"elementor-element elementor-element-8b7c686 e-con-full e-flex e-con e-child\" data-id=\"8b7c686\" data-element_type=\"container\">\n\t\t\t\t<div class=\"elementor-element elementor-element-c28aa45 elementor-widget elementor-widget-heading\" data-id=\"c28aa45\" data-element_type=\"widget\" data-widget_type=\"heading.default\">\n\t\t\t\t\t<h2 class=\"elementor-heading-title elementor-size-default\"><a href=\"https:\/\/surveillanceecologique.net\/cnss\/index.php\/theme2\/\">Th\u00e8me2<\/a><\/h2>\t\t\t\t<\/div>\n\t\t\t\t<\/div>\n\t\t<div class=\"elementor-element elementor-element-8135790 e-con-full e-flex e-con e-child\" data-id=\"8135790\" data-element_type=\"container\">\n\t\t\t\t<div class=\"elementor-element elementor-element-8d44e83 elementor-widget elementor-widget-heading\" data-id=\"8d44e83\" data-element_type=\"widget\" data-widget_type=\"heading.default\">\n\t\t\t\t\t<h2 class=\"elementor-heading-title elementor-size-default\"><a href=\"https:\/\/surveillanceecologique.net\/index.php\/theme3\/\">Th\u00e8me3<\/a><\/h2>\t\t\t\t<\/div>\n\t\t\t\t<\/div>\n\t\t<div class=\"elementor-element elementor-element-78a136e e-con-full e-flex e-con e-child\" data-id=\"78a136e\" data-element_type=\"container\">\n\t\t\t\t<div class=\"elementor-element elementor-element-9295b96 elementor-widget elementor-widget-heading\" data-id=\"9295b96\" data-element_type=\"widget\" data-widget_type=\"heading.default\">\n\t\t\t\t\t<h2 class=\"elementor-heading-title elementor-size-default\"><a href=\"https:\/\/surveillanceecologique.net\/index.php\/theme4\/\">Th\u00e8me4<\/a><\/h2>\t\t\t\t<\/div>\n\t\t\t\t<\/div>\n\t\t\t\t\t<\/div>\n\t\t\t\t<\/div>\n\t\t<div class=\"elementor-element elementor-element-b4859ab e-flex e-con-boxed e-con e-parent\" data-id=\"b4859ab\" data-element_type=\"container\">\n\t\t\t\t\t<div class=\"e-con-inner\">\n\t\t<div class=\"elementor-element elementor-element-52b4e53 e-con-full e-flex e-con e-child\" data-id=\"52b4e53\" data-element_type=\"container\">\n\t\t\t\t<div class=\"elementor-element elementor-element-98c0d81 elementor-widget elementor-widget-heading\" data-id=\"98c0d81\" data-element_type=\"widget\" data-widget_type=\"heading.default\">\n\t\t\t\t\t<h2 class=\"elementor-heading-title elementor-size-default\"><a href=\"https:\/\/surveillanceecologique.net\/index.php\/theme5\/\">Th\u00e8me5<\/a><\/h2>\t\t\t\t<\/div>\n\t\t\t\t<\/div>\n\t\t<div class=\"elementor-element elementor-element-ceb17c5 e-con-full e-flex e-con e-child\" data-id=\"ceb17c5\" data-element_type=\"container\">\n\t\t\t\t<div class=\"elementor-element elementor-element-ec23d44 elementor-widget elementor-widget-heading\" data-id=\"ec23d44\" data-element_type=\"widget\" data-widget_type=\"heading.default\">\n\t\t\t\t\t<h2 class=\"elementor-heading-title elementor-size-default\"><a href=\"https:\/\/surveillanceecologique.net\/index.php\/theme6\/\">Th\u00e8me6<\/a><\/h2>\t\t\t\t<\/div>\n\t\t\t\t<\/div>\n\t\t<div class=\"elementor-element elementor-element-afe1ae6 e-con-full e-flex e-con e-child\" data-id=\"afe1ae6\" data-element_type=\"container\">\n\t\t\t\t<div class=\"elementor-element elementor-element-9931ecf elementor-widget elementor-widget-heading\" data-id=\"9931ecf\" data-element_type=\"widget\" data-widget_type=\"heading.default\">\n\t\t\t\t\t<h2 class=\"elementor-heading-title elementor-size-default\"><a href=\"https:\/\/surveillanceecologique.net\/index.php\/theme7\/\">Th\u00e8me7<\/a><\/h2>\t\t\t\t<\/div>\n\t\t\t\t<\/div>\n\t\t<div class=\"elementor-element elementor-element-8575b3c e-con-full e-flex e-con e-child\" data-id=\"8575b3c\" data-element_type=\"container\">\n\t\t\t\t<div class=\"elementor-element elementor-element-10ae37d elementor-widget elementor-widget-heading\" data-id=\"10ae37d\" data-element_type=\"widget\" data-widget_type=\"heading.default\">\n\t\t\t\t\t<h2 class=\"elementor-heading-title elementor-size-default\"><a href=\"https:\/\/surveillanceecologique.net\/index.php\/theme8\/\/\">Th\u00e8me8<\/a><\/h2>\t\t\t\t<\/div>\n\t\t\t\t<\/div>\n\t\t<div class=\"elementor-element elementor-element-cffaa7c e-con-full e-flex e-con e-child\" data-id=\"cffaa7c\" data-element_type=\"container\">\n\t\t\t\t<div class=\"elementor-element elementor-element-cdcca6e elementor-widget elementor-widget-heading\" data-id=\"cdcca6e\" data-element_type=\"widget\" data-widget_type=\"heading.default\">\n\t\t\t\t\t<h2 class=\"elementor-heading-title elementor-size-default\"><a href=\"https:\/\/surveillanceecologique.net\/index.php\/theme9\/\">Th\u00e8me9<\/a><\/h2>\t\t\t\t<\/div>\n\t\t\t\t<\/div>\n\t\t\t\t\t<\/div>\n\t\t\t\t<\/div>\n\t\t\t\t<\/div>\n\t\t","protected":false},"excerpt":{"rendered":"<p>Th\u00e9matiques sp\u00e9cifiques Th\u00e8me1 :Impact des projets de restauration des terres Responsable observatoire: Issa Ousseini (UAM\/FLSH)Responsable unit\u00e9 de keita: Gu\u00e9ro Maman (DSCF\/OE) Th\u00e8me2: Biodiversit\u00e9 Aire prot\u00e9g\u00e9s Responsable observatoire: Gu\u00e9ro Yaji (UAM\/FA)A\u00efr T\u00e9n\u00e9r\u00e9 Th\u00e8me3: Foncier pastoralisme Responsable : Zakara Gandou (UAM\/FSJP)Azawak Th\u00e8me4 :Dynamique d&rsquo;ensablement Responsable : Zibo Garba (UAM\/FA)Diffa Th\u00e8me5: Dynamique des syst\u00e8mes des productions Responsable: Ambouata [&hellip;]<\/p>\n","protected":false},"author":1,"featured_media":0,"parent":0,"menu_order":0,"comment_status":"closed","ping_status":"closed","template":"","meta":{"om_disable_all_campaigns":false,"_monsterinsights_skip_tracking":false,"_monsterinsights_sitenote_active":false,"_monsterinsights_sitenote_note":"","_monsterinsights_sitenote_category":0,"footnotes":""},"class_list":["post-36","page","type-page","status-publish","hentry"],"aioseo_notices":[],"_links":{"self":[{"href":"https:\/\/surveillanceecologique.net\/index.php\/wp-json\/wp\/v2\/pages\/36","targetHints":{"allow":["GET"]}}],"collection":[{"href":"https:\/\/surveillanceecologique.net\/index.php\/wp-json\/wp\/v2\/pages"}],"about":[{"href":"https:\/\/surveillanceecologique.net\/index.php\/wp-json\/wp\/v2\/types\/page"}],"author":[{"embeddable":true,"href":"https:\/\/surveillanceecologique.net\/index.php\/wp-json\/wp\/v2\/users\/1"}],"replies":[{"embeddable":true,"href":"https:\/\/surveillanceecologique.net\/index.php\/wp-json\/wp\/v2\/comments?post=36"}],"version-history":[{"count":0,"href":"https:\/\/surveillanceecologique.net\/index.php\/wp-json\/wp\/v2\/pages\/36\/revisions"}],"wp:attachment":[{"href":"https:\/\/surveillanceecologique.net\/index.php\/wp-json\/wp\/v2\/media?parent=36"}],"curies":[{"name":"wp","href":"https:\/\/api.w.org\/{rel}","templated":true}]}}