{"id":470,"date":"2024-10-07T10:58:39","date_gmt":"2024-10-07T10:58:39","guid":{"rendered":"http:\/\/localhost\/cnss\/?page_id=470"},"modified":"2024-11-12T09:49:19","modified_gmt":"2024-11-12T09:49:19","slug":"articles","status":"publish","type":"page","link":"https:\/\/surveillanceecologique.net\/index.php\/articles\/","title":{"rendered":"Articles"},"content":{"rendered":"\t\t<div data-elementor-type=\"wp-page\" data-elementor-id=\"470\" class=\"elementor elementor-470\" data-elementor-post-type=\"page\">\n\t\t\t\t<div class=\"elementor-element elementor-element-593f6c78 e-flex e-con-boxed e-con e-parent\" data-id=\"593f6c78\" data-element_type=\"container\">\n\t\t\t\t\t<div class=\"e-con-inner\">\n\t\t\t\t<div class=\"elementor-element elementor-element-1ad999d9 elementor-widget elementor-widget-text-editor\" data-id=\"1ad999d9\" data-element_type=\"widget\" data-widget_type=\"text-editor.default\">\n\t\t\t\t\t\t\t\t\t<p><a href=\"https:\/\/surveillanceecologique.net\/wp-content\/uploads\/2024\/11\/Article_Degradation-des-terres-au-Niger.pdf\">T\u00e9l\u00e9d\u00e9tection et SIG pour l\u2019\u00e9valuation de l\u2019\u00e9tat de d\u00e9gradation et des opportunit\u00e9s de restauration des terres au Niger\u00a0<\/a><\/p><p><a href=\"https:\/\/surveillanceecologique.net\/wp-content\/uploads\/2024\/11\/Suivi-des-sites-de-recuperation-des-terres-et-determination-par-teledetection-de-lindice-devaluation-de-la-restauration-en-zones-arides-et-semi_aride-au-Niger.pdf\">Suivi des sites de r\u00e9cup\u00e9ration des terres et d\u00e9termination par t\u00e9l\u00e9d\u00e9tection de l&rsquo;indice d&rsquo;\u00e9valuation de la restauration en zones arides et semi_aride au Niger;\u00a0<\/a><\/p><p><a href=\"https:\/\/surveillanceecologique.net\/wp-content\/uploads\/2024\/11\/ajol-file-journals_314_articles_257820_6538abd8da4dc.pdf\">Dynamique spatio-temporelle de la v\u00e9g\u00e9tation contract\u00e9e de l\u2019ouest du Niger suivant le gradient pluviom\u00e9trique et d\u2019anthropisation de 1990 \u00e0 2020 <\/a><\/p><p><a href=\"https:\/\/surveillanceecologique.net\/wp-content\/uploads\/2024\/11\/196852-Article-Text-496317-1-10-202006192.pdf\">Dynamique spatio-temporelle de l\u2019occupation des sols des communes de Torodi, Goth\u00e8ye et Tagazar de la r\u00e9gion de Tillab\u00e9ry au Niger <\/a><\/p><p>\u00a0<\/p>\t\t\t\t\t\t\t\t<\/div>\n\t\t\t\t\t<\/div>\n\t\t\t\t<\/div>\n\t\t\t\t<\/div>\n\t\t","protected":false},"excerpt":{"rendered":"<p>T\u00e9l\u00e9d\u00e9tection et SIG pour l\u2019\u00e9valuation de l\u2019\u00e9tat de d\u00e9gradation et des opportunit\u00e9s de restauration des terres au Niger\u00a0 Suivi des sites de r\u00e9cup\u00e9ration des terres et d\u00e9termination par t\u00e9l\u00e9d\u00e9tection de l&rsquo;indice d&rsquo;\u00e9valuation de la restauration en zones arides et semi_aride au Niger;\u00a0 Dynamique spatio-temporelle de la v\u00e9g\u00e9tation contract\u00e9e de l\u2019ouest du Niger suivant le gradient [&hellip;]<\/p>\n","protected":false},"author":1,"featured_media":0,"parent":0,"menu_order":0,"comment_status":"closed","ping_status":"closed","template":"","meta":{"om_disable_all_campaigns":false,"_monsterinsights_skip_tracking":false,"_monsterinsights_sitenote_active":false,"_monsterinsights_sitenote_note":"","_monsterinsights_sitenote_category":0,"footnotes":""},"class_list":["post-470","page","type-page","status-publish","hentry"],"aioseo_notices":[],"_links":{"self":[{"href":"https:\/\/surveillanceecologique.net\/index.php\/wp-json\/wp\/v2\/pages\/470","targetHints":{"allow":["GET"]}}],"collection":[{"href":"https:\/\/surveillanceecologique.net\/index.php\/wp-json\/wp\/v2\/pages"}],"about":[{"href":"https:\/\/surveillanceecologique.net\/index.php\/wp-json\/wp\/v2\/types\/page"}],"author":[{"embeddable":true,"href":"https:\/\/surveillanceecologique.net\/index.php\/wp-json\/wp\/v2\/users\/1"}],"replies":[{"embeddable":true,"href":"https:\/\/surveillanceecologique.net\/index.php\/wp-json\/wp\/v2\/comments?post=470"}],"version-history":[{"count":0,"href":"https:\/\/surveillanceecologique.net\/index.php\/wp-json\/wp\/v2\/pages\/470\/revisions"}],"wp:attachment":[{"href":"https:\/\/surveillanceecologique.net\/index.php\/wp-json\/wp\/v2\/media?parent=470"}],"curies":[{"name":"wp","href":"https:\/\/api.w.org\/{rel}","templated":true}]}}