{"id":651,"date":"2024-10-19T13:24:42","date_gmt":"2024-10-19T13:24:42","guid":{"rendered":"https:\/\/surveillanceecologique.net\/?page_id=651"},"modified":"2025-05-13T11:56:49","modified_gmt":"2025-05-13T11:56:49","slug":"rapports","status":"publish","type":"page","link":"https:\/\/surveillanceecologique.net\/index.php\/rapports\/","title":{"rendered":"Rapports"},"content":{"rendered":"\t\t<div data-elementor-type=\"wp-page\" data-elementor-id=\"651\" class=\"elementor elementor-651\" data-elementor-post-type=\"page\">\n\t\t\t\t<div class=\"elementor-element elementor-element-5e679196 e-flex e-con-boxed e-con e-parent\" data-id=\"5e679196\" data-element_type=\"container\">\n\t\t\t\t\t<div class=\"e-con-inner\">\n\t\t\t\t<div class=\"elementor-element elementor-element-30aa6e0e elementor-widget elementor-widget-text-editor\" data-id=\"30aa6e0e\" data-element_type=\"widget\" data-widget_type=\"text-editor.default\">\n\t\t\t\t\t\t\t\t\t<div class=\"wp-block-file\"><a href=\"https:\/\/surveillanceecologique.net\/wp-content\/uploads\/2024\/10\/Rapport-de-mission-Roselt-7janv.pdf\">Rapport de mission Roselt 7janv\u00a0 \u00a0 \u00a0 \u00a0 \u00a0 \u00a0 \u00a0<\/a><a class=\"wp-block-file__button wp-element-button\" href=\"https:\/\/surveillanceecologique.net\/wp-content\/uploads\/2024\/10\/Rapport-de-mission-Roselt-7janv.pdf\" download=\"\" aria-describedby=\"wp-block-file--media-6c47287f-1165-4d87-be04-a49ee154e4e3\">T\u00e9l\u00e9charger<\/a><br \/><a href=\"https:\/\/surveillanceecologique.net\/wp-content\/uploads\/2024\/10\/Rapport-etape-sept-2009-janv2010.pdf\">Rapport \u00e9tape sept 2009-janv2010<\/a><a href=\"https:\/\/surveillanceecologique.net\/wp-content\/uploads\/2024\/10\/Synt.-Etude-Diachronique-Mode-de-compatibilite.pdf\">Synt. <\/a><a class=\"wp-block-file__button wp-element-button\" href=\"https:\/\/surveillanceecologique.net\/wp-content\/uploads\/2024\/10\/Rapport-etape-sept-2009-janv2010.pdf\" download=\"\" aria-describedby=\"wp-block-file--media-6c47287f-1165-4d87-be04-a49ee154e4e3\">T\u00e9l\u00e9charger<\/a><\/div>\n<div class=\"wp-block-file\"><a href=\"https:\/\/surveillanceecologique.net\/wp-content\/uploads\/2024\/10\/Synt.-Etude-Diachronique-Mode-de-compatibilite.pdf\">Etude Diachronique [Mode de compatibilit\u00e9]<\/a><a class=\"wp-block-file__button wp-element-button\" href=\"https:\/\/surveillanceecologique.net\/wp-content\/uploads\/2024\/10\/Synt.-Etude-Diachronique-Mode-de-compatibilite.pdf\" download=\"\" aria-describedby=\"wp-block-file--media-6c47287f-1165-4d87-be04-a49ee154e4e3\">T\u00e9l\u00e9charger<\/a><\/div>\n<div class=\"wp-block-file\"><a id=\"wp-block-file--media-8816277f-0c0e-42da-a521-f1045078c019\" href=\"https:\/\/surveillanceecologique.net\/wp-content\/uploads\/2024\/10\/Caracterisation-et-fonctionnement-des-unites-dexploitation.pdf\">Caract\u00e9risation et fonctionnement des unit\u00e9s d&rsquo;exploitation<\/a><a class=\"wp-block-file__button wp-element-button\" href=\"https:\/\/surveillanceecologique.net\/wp-content\/uploads\/2024\/10\/Caracterisation-et-fonctionnement-des-unites-dexploitation.pdf\" download=\"\" aria-describedby=\"wp-block-file--media-8816277f-0c0e-42da-a521-f1045078c019\">T\u00e9l\u00e9charger<\/a><\/div>\n<p><!-- \/wp:file --><\/p>\n<p><!-- wp:file {\"id\":659,\"href\":\"https:\/\/surveillanceecologique.net\/wp-content\/uploads\/2024\/10\/Etude-AME_NIGER11_01_09-B-2.pdf\",\"displayPreview\":false} --><\/p>\n<div class=\"wp-block-file\"><a id=\"wp-block-file--media-8341b70d-a331-4b37-b67f-a380e3e3f2fa\" href=\"https:\/\/surveillanceecologique.net\/wp-content\/uploads\/2024\/10\/Etude-AME_NIGER11_01_09-B-2.pdf\">APPORT DU DISPOSITIF NATIONAL DE\u00a0SURVEILLANCE ENVIRONNEMENTALE (DNSE)\u00a0EN MATIERE D\u2019INFORMATION POUR LA MISE EN\u00a0\u0152UVRE DES AME<\/a><a class=\"wp-block-file__button wp-element-button\" href=\"https:\/\/surveillanceecologique.net\/wp-content\/uploads\/2024\/10\/Etude-AME_NIGER11_01_09-B-2.pdf\" download=\"\" aria-describedby=\"wp-block-file--media-8341b70d-a331-4b37-b67f-a380e3e3f2fa\">\u00e9l\u00e9charger<\/a><\/div>\n<p><!-- \/wp:file --><\/p>\n<p><!-- wp:file {\"id\":660,\"href\":\"https:\/\/surveillanceecologique.net\/wp-content\/uploads\/2024\/10\/Flore_vegetation_2008_2010.pdf\",\"displayPreview\":false} --><\/p>\n<div class=\"wp-block-file\"><a id=\"wp-block-file--media-6c47287f-1165-4d87-be04-a49ee154e4e3\" href=\"https:\/\/surveillanceecologique.net\/wp-content\/uploads\/2024\/10\/Flore_vegetation_2008_2010.pdf\">ETUDE DE LA DIVERSITE BIOLOGIQUE VEGETALE DES ECOSYSTEMES 4 OBSERVATOIRES_2008_2010<\/a>\u00a0 \u00a0 \u00a0 \u00a0 \u00a0 \u00a0 \u00a0 \u00a0 \u00a0 \u00a0 \u00a0 \u00a0 \u00a0 \u00a0 \u00a0 \u00a0 \u00a0 \u00a0 \u00a0 \u00a0 \u00a0 \u00a0 \u00a0 \u00a0 \u00a0 \u00a0 \u00a0 \u00a0 \u00a0 \u00a0 \u00a0 \u00a0 \u00a0 \u00a0 \u00a0 \u00a0 \u00a0 \u00a0 \u00a0 \u00a0 \u00a0 \u00a0 \u00a0 \u00a0 \u00a0 \u00a0\u00a0<a class=\"wp-block-file__button wp-element-button\" href=\"https:\/\/surveillanceecologique.net\/wp-content\/uploads\/2024\/10\/Flore_vegetation_2008_2010.pdf\" download=\"\" aria-describedby=\"wp-block-file--media-6c47287f-1165-4d87-be04-a49ee154e4e3\">T\u00e9l\u00e9charger<\/a><\/div>\n<p><!-- \/wp:file --><\/p>\n<p><!-- wp:file {\"id\":661,\"href\":\"https:\/\/surveillanceecologique.net\/wp-content\/uploads\/2024\/10\/Indicateurs-de-surveillance-ecologique-environnementale-Rapport-Provisoire.pdf\",\"displayPreview\":false} --><\/p>\n<div class=\"wp-block-file\"><a id=\"wp-block-file--media-f8c5add9-f702-4ff2-96ce-206c6cc36683\" href=\"https:\/\/surveillanceecologique.net\/wp-content\/uploads\/2024\/10\/Indicateurs-de-surveillance-ecologique-environnementale-Rapport-Provisoire.pdf\">Proposition d\u2019indicateurs pour le Centre National de Surveillance Ecologique et environnementale: Etude prospective<\/a>\u00a0 \u00a0 \u00a0 \u00a0 \u00a0 \u00a0 \u00a0 \u00a0 \u00a0 \u00a0 \u00a0 \u00a0 \u00a0 \u00a0 \u00a0 \u00a0 \u00a0 \u00a0 \u00a0 \u00a0 \u00a0 \u00a0 \u00a0 \u00a0 \u00a0 \u00a0 \u00a0 \u00a0 \u00a0 \u00a0 \u00a0 \u00a0 \u00a0 \u00a0<a class=\"wp-block-file__button wp-element-button\" href=\"https:\/\/surveillanceecologique.net\/wp-content\/uploads\/2024\/10\/Indicateurs-de-surveillance-ecologique-environnementale-Rapport-Provisoire.pdf\" download=\"\" aria-describedby=\"wp-block-file--media-f8c5add9-f702-4ff2-96ce-206c6cc36683\">T\u00e9l\u00e9charger<\/a><\/div>\n<div><a href=\"https:\/\/surveillanceecologique.net\/wp-content\/uploads\/2024\/10\/Atlas-doccupation-des-sols-du-Niger.pdf.pdf\">Atlas d&rsquo;occupation des sols du-Niger.pdf \u00a0 \u00a0<\/a><a class=\"wp-block-file__button wp-element-button\" href=\"https:\/\/surveillanceecologique.net\/wp-content\/uploads\/2024\/10\/Indicateurs-de-surveillance-ecologique-environnementale-Rapport-Provisoire.pdf\" download=\"\" aria-describedby=\"wp-block-file--media-f8c5add9-f702-4ff2-96ce-206c6cc36683\">T\u00e9l\u00e9charger<\/a><\/div>\n<p><!-- \/wp:file --><\/p>\n<p><!-- wp:paragraph --><\/p>\n<p><!-- \/wp:paragraph --><\/p>\t\t\t\t\t\t\t\t<\/div>\n\t\t\t\t\t<\/div>\n\t\t\t\t<\/div>\n\t\t\t\t<\/div>\n\t\t","protected":false},"excerpt":{"rendered":"<p>Rapport de mission Roselt 7janv\u00a0 \u00a0 \u00a0 \u00a0 \u00a0 \u00a0 \u00a0T\u00e9l\u00e9chargerRapport \u00e9tape sept 2009-janv2010Synt. T\u00e9l\u00e9charger Etude Diachronique [Mode de compatibilit\u00e9]T\u00e9l\u00e9charger Caract\u00e9risation et fonctionnement des unit\u00e9s d&rsquo;exploitationT\u00e9l\u00e9charger APPORT DU DISPOSITIF NATIONAL DE\u00a0SURVEILLANCE ENVIRONNEMENTALE (DNSE)\u00a0EN MATIERE D\u2019INFORMATION POUR LA MISE EN\u00a0\u0152UVRE DES AME\u00e9l\u00e9charger ETUDE DE LA DIVERSITE BIOLOGIQUE VEGETALE DES ECOSYSTEMES 4 OBSERVATOIRES_2008_2010\u00a0 \u00a0 \u00a0 \u00a0 \u00a0 [&hellip;]<\/p>\n","protected":false},"author":1,"featured_media":0,"parent":0,"menu_order":0,"comment_status":"closed","ping_status":"closed","template":"","meta":{"om_disable_all_campaigns":false,"_monsterinsights_skip_tracking":false,"_monsterinsights_sitenote_active":false,"_monsterinsights_sitenote_note":"","_monsterinsights_sitenote_category":0,"footnotes":""},"class_list":["post-651","page","type-page","status-publish","hentry"],"aioseo_notices":[],"_links":{"self":[{"href":"https:\/\/surveillanceecologique.net\/index.php\/wp-json\/wp\/v2\/pages\/651","targetHints":{"allow":["GET"]}}],"collection":[{"href":"https:\/\/surveillanceecologique.net\/index.php\/wp-json\/wp\/v2\/pages"}],"about":[{"href":"https:\/\/surveillanceecologique.net\/index.php\/wp-json\/wp\/v2\/types\/page"}],"author":[{"embeddable":true,"href":"https:\/\/surveillanceecologique.net\/index.php\/wp-json\/wp\/v2\/users\/1"}],"replies":[{"embeddable":true,"href":"https:\/\/surveillanceecologique.net\/index.php\/wp-json\/wp\/v2\/comments?post=651"}],"version-history":[{"count":6,"href":"https:\/\/surveillanceecologique.net\/index.php\/wp-json\/wp\/v2\/pages\/651\/revisions"}],"predecessor-version":[{"id":870,"href":"https:\/\/surveillanceecologique.net\/index.php\/wp-json\/wp\/v2\/pages\/651\/revisions\/870"}],"wp:attachment":[{"href":"https:\/\/surveillanceecologique.net\/index.php\/wp-json\/wp\/v2\/media?parent=651"}],"curies":[{"name":"wp","href":"https:\/\/api.w.org\/{rel}","templated":true}]}}